{"id":7920,"date":"2017-04-10T14:31:44","date_gmt":"2017-04-10T14:31:44","guid":{"rendered":"http:\/\/maison.edge-themes.com\/?page_id=7920"},"modified":"2025-05-28T15:52:51","modified_gmt":"2025-05-28T15:52:51","slug":"equipo","status":"publish","type":"page","link":"https:\/\/boxolimpo.com\/en_us\/equipo","title":{"rendered":"Conoce a nuestro equipo"},"content":{"rendered":"<div class=\"edgtf-row-grid-section-wrapper\"  ><div class=\"edgtf-row-grid-section\"><div class=\"vc_row wpb_row vc_row-fluid vc_column-gap-25\" ><div class=\"wpb_column vc_column_container vc_col-sm-12 vc_col-lg-4 vc_col-md-4\"><div class=\"vc_column-inner\"><div class=\"wpb_wrapper\"><div class=\"edgtf-team-holder edgtf-team-info-below-image edgtf-team-square edgtf-team-align-center\">\n\t<div class=\"edgtf-team-inner\">\n\t\t\t\t\t<div class=\"edgtf-team-image\">\n                <img width=\"400\" height=\"400\" src=\"https:\/\/boxolimpo.com\/wp-content\/uploads\/2018\/10\/kiko-capilla-cartama-box-olimpo-malaga-crossfit-coach.jpg\" class=\"attachment-full size-full\" alt=\"kiko capilla cartama box olimpo malaga crossfit coach\" loading=\"lazy\" srcset=\"https:\/\/boxolimpo.com\/wp-content\/uploads\/2018\/10\/kiko-capilla-cartama-box-olimpo-malaga-crossfit-coach.jpg 400w, https:\/\/boxolimpo.com\/wp-content\/uploads\/2018\/10\/kiko-capilla-cartama-box-olimpo-malaga-crossfit-coach-150x150.jpg 150w, https:\/\/boxolimpo.com\/wp-content\/uploads\/2018\/10\/kiko-capilla-cartama-box-olimpo-malaga-crossfit-coach-300x300.jpg 300w\" sizes=\"(max-width: 400px) 100vw, 400px\" \/>\t\t\t\t<div class=\"edgtf-team-social-wrapper\">\n\t\t\t\t\t<div class=\"edgtf-team-social-outer\">\n\t\t\t\t\t\t<div class=\"edgtf-team-social-inner\">\n\t\t\t\t\t\t\t\t\t\t\t\t\t<\/div>\n\t\t\t\t\t<\/div>\n\t\t\t\t<\/div>\n\t\t\t<\/div>\n\t\t\t\t<div class=\"edgtf-team-info\">\n\t\t\t\t\t\t\t<h5 class=\"edgtf-team-name\" >Kiko Capilla<\/h5>\n\t\t\t\t\t\t\t\t\t\t<p class=\"edgtf-team-position\" >Co-Fundador y Head coach<\/p>\n\t\t\t\t\t<\/div>\n\t<\/div>\n<\/div><div class=\"vc_empty_space\"   style=\"height: 25px\"><span class=\"vc_empty_space_inner\"><\/span><\/div><\/div><\/div><\/div><div class=\"wpb_column vc_column_container vc_col-sm-12 vc_col-lg-4 vc_col-md-4\"><div class=\"vc_column-inner\"><div class=\"wpb_wrapper\"><div class=\"edgtf-team-holder edgtf-team-info-below-image edgtf-team-square edgtf-team-align-center\">\n\t<div class=\"edgtf-team-inner\">\n\t\t\t\t\t<div class=\"edgtf-team-image\">\n                <img width=\"400\" height=\"400\" src=\"https:\/\/boxolimpo.com\/wp-content\/uploads\/2018\/10\/Rafael-alvarez-espinosa-box-olimpo-malaga-coach-.jpg\" class=\"attachment-full size-full\" alt=\"Rafael alvarez espinosa box olimpo malaga coach\" loading=\"lazy\" srcset=\"https:\/\/boxolimpo.com\/wp-content\/uploads\/2018\/10\/Rafael-alvarez-espinosa-box-olimpo-malaga-coach-.jpg 400w, https:\/\/boxolimpo.com\/wp-content\/uploads\/2018\/10\/Rafael-alvarez-espinosa-box-olimpo-malaga-coach--150x150.jpg 150w, https:\/\/boxolimpo.com\/wp-content\/uploads\/2018\/10\/Rafael-alvarez-espinosa-box-olimpo-malaga-coach--300x300.jpg 300w\" sizes=\"(max-width: 400px) 100vw, 400px\" \/>\t\t\t\t<div class=\"edgtf-team-social-wrapper\">\n\t\t\t\t\t<div class=\"edgtf-team-social-outer\">\n\t\t\t\t\t\t<div class=\"edgtf-team-social-inner\">\n\t\t\t\t\t\t\t\t\t\t\t\t\t<\/div>\n\t\t\t\t\t<\/div>\n\t\t\t\t<\/div>\n\t\t\t<\/div>\n\t\t\t\t<div class=\"edgtf-team-info\">\n\t\t\t\t\t\t\t<h5 class=\"edgtf-team-name\" >Rafael \u00c1lvarez Espinosa<\/h5>\n\t\t\t\t\t\t\t\t\t\t<p class=\"edgtf-team-position\" >Co-fundador y Head Coach. Graduado en Ciencias de la Actividad F\u00edsica y el Deporte<\/p>\n\t\t\t\t\t<\/div>\n\t<\/div>\n<\/div><div class=\"vc_empty_space\"   style=\"height: 25px\"><span class=\"vc_empty_space_inner\"><\/span><\/div><\/div><\/div><\/div><div class=\"wpb_column vc_column_container vc_col-sm-12 vc_col-lg-4 vc_col-md-4\"><div class=\"vc_column-inner\"><div class=\"wpb_wrapper\"><div class=\"edgtf-team-holder edgtf-team-info-below-image edgtf-team-square edgtf-team-align-center\">\n\t<div class=\"edgtf-team-inner\">\n\t\t\t\t\t<div class=\"edgtf-team-image\">\n                <img width=\"400\" height=\"400\" src=\"https:\/\/boxolimpo.com\/wp-content\/uploads\/2018\/10\/nacho-velasco-box-olimpo-malaga-coach.jpg\" class=\"attachment-full size-full\" alt=\"nacho velasco box olimpo malaga coach\" loading=\"lazy\" srcset=\"https:\/\/boxolimpo.com\/wp-content\/uploads\/2018\/10\/nacho-velasco-box-olimpo-malaga-coach.jpg 400w, https:\/\/boxolimpo.com\/wp-content\/uploads\/2018\/10\/nacho-velasco-box-olimpo-malaga-coach-150x150.jpg 150w, https:\/\/boxolimpo.com\/wp-content\/uploads\/2018\/10\/nacho-velasco-box-olimpo-malaga-coach-300x300.jpg 300w\" sizes=\"(max-width: 400px) 100vw, 400px\" \/>\t\t\t\t<div class=\"edgtf-team-social-wrapper\">\n\t\t\t\t\t<div class=\"edgtf-team-social-outer\">\n\t\t\t\t\t\t<div class=\"edgtf-team-social-inner\">\n\t\t\t\t\t\t\t\t\t\t\t\t\t<\/div>\n\t\t\t\t\t<\/div>\n\t\t\t\t<\/div>\n\t\t\t<\/div>\n\t\t\t\t<div class=\"edgtf-team-info\">\n\t\t\t\t\t\t\t<h5 class=\"edgtf-team-name\" >Nacho Velasco<\/h5>\n\t\t\t\t\t\t\t\t\t\t<p class=\"edgtf-team-position\" >Coach. Graduado en Ciencias de la Actividad F\u00edsica y el Deporte<\/p>\n\t\t\t\t\t<\/div>\n\t<\/div>\n<\/div><div class=\"vc_empty_space\"   style=\"height: 25px\"><span class=\"vc_empty_space_inner\"><\/span><\/div><\/div><\/div><\/div><\/div><\/div><\/div><div class=\"edgtf-row-grid-section-wrapper\"  ><div class=\"edgtf-row-grid-section\"><div class=\"vc_row wpb_row vc_row-fluid vc_custom_1491837907205 vc_column-gap-25\" ><div class=\"wpb_column vc_column_container vc_col-sm-12 vc_col-lg-4 vc_col-md-4\"><div class=\"vc_column-inner\"><div class=\"wpb_wrapper\"><div class=\"edgtf-team-holder edgtf-team-info-below-image edgtf-team-square edgtf-team-align-center\">\n\t<div class=\"edgtf-team-inner\">\n\t\t\t\t\t<div class=\"edgtf-team-image\">\n                <img width=\"400\" height=\"400\" src=\"https:\/\/boxolimpo.com\/wp-content\/uploads\/2018\/10\/alvaro-gamazo-coach-box-olimpo-malaga.jpg\" class=\"attachment-full size-full\" alt=\"alvaro gamazo coach box olimpo malaga\" loading=\"lazy\" srcset=\"https:\/\/boxolimpo.com\/wp-content\/uploads\/2018\/10\/alvaro-gamazo-coach-box-olimpo-malaga.jpg 400w, https:\/\/boxolimpo.com\/wp-content\/uploads\/2018\/10\/alvaro-gamazo-coach-box-olimpo-malaga-150x150.jpg 150w, https:\/\/boxolimpo.com\/wp-content\/uploads\/2018\/10\/alvaro-gamazo-coach-box-olimpo-malaga-300x300.jpg 300w\" sizes=\"(max-width: 400px) 100vw, 400px\" \/>\t\t\t\t<div class=\"edgtf-team-social-wrapper\">\n\t\t\t\t\t<div class=\"edgtf-team-social-outer\">\n\t\t\t\t\t\t<div class=\"edgtf-team-social-inner\">\n\t\t\t\t\t\t\t\t\t\t\t\t\t<\/div>\n\t\t\t\t\t<\/div>\n\t\t\t\t<\/div>\n\t\t\t<\/div>\n\t\t\t\t<div class=\"edgtf-team-info\">\n\t\t\t\t\t\t\t<h5 class=\"edgtf-team-name\" >\u00c1lvaro Gamazo<\/h5>\n\t\t\t\t\t\t\t\t\t\t<p class=\"edgtf-team-position\" >Coach. TAFAD<\/p>\n\t\t\t\t\t<\/div>\n\t<\/div>\n<\/div><div class=\"vc_empty_space\"   style=\"height: 25px\"><span class=\"vc_empty_space_inner\"><\/span><\/div><\/div><\/div><\/div><div class=\"wpb_column vc_column_container vc_col-sm-12 vc_col-lg-4 vc_col-md-4\"><div class=\"vc_column-inner\"><div class=\"wpb_wrapper\"><div class=\"edgtf-team-holder edgtf-team-info-below-image edgtf-team-square edgtf-team-align-center\">\n\t<div class=\"edgtf-team-inner\">\n\t\t\t\t\t<div class=\"edgtf-team-image\">\n                <img width=\"400\" height=\"400\" src=\"https:\/\/boxolimpo.com\/wp-content\/uploads\/2025\/05\/belen-olimpo.jpg\" class=\"attachment-full size-full\" alt=\"belen olimpo\" loading=\"lazy\" srcset=\"https:\/\/boxolimpo.com\/wp-content\/uploads\/2025\/05\/belen-olimpo.jpg 400w, https:\/\/boxolimpo.com\/wp-content\/uploads\/2025\/05\/belen-olimpo-300x300.jpg 300w, https:\/\/boxolimpo.com\/wp-content\/uploads\/2025\/05\/belen-olimpo-150x150.jpg 150w, https:\/\/boxolimpo.com\/wp-content\/uploads\/2025\/05\/belen-olimpo-12x12.jpg 12w\" sizes=\"(max-width: 400px) 100vw, 400px\" \/>\t\t\t\t<div class=\"edgtf-team-social-wrapper\">\n\t\t\t\t\t<div class=\"edgtf-team-social-outer\">\n\t\t\t\t\t\t<div class=\"edgtf-team-social-inner\">\n\t\t\t\t\t\t\t\t\t\t\t\t\t<\/div>\n\t\t\t\t\t<\/div>\n\t\t\t\t<\/div>\n\t\t\t<\/div>\n\t\t\t\t<div class=\"edgtf-team-info\">\n\t\t\t\t\t\t\t<h5 class=\"edgtf-team-name\" >Bel\u00e9n Medina<\/h5>\n\t\t\t\t\t\t\t\t\t\t<p class=\"edgtf-team-position\" >Coach. TAFAD<\/p>\n\t\t\t\t\t<\/div>\n\t<\/div>\n<\/div><div class=\"vc_empty_space\"   style=\"height: 25px\"><span class=\"vc_empty_space_inner\"><\/span><\/div><\/div><\/div><\/div><div class=\"wpb_column vc_column_container vc_col-sm-12 vc_col-lg-4 vc_col-md-4\"><div class=\"vc_column-inner\"><div class=\"wpb_wrapper\"><div class=\"vc_empty_space\"   style=\"height: 25px\"><span class=\"vc_empty_space_inner\"><\/span><\/div><\/div><\/div><\/div><\/div><\/div><\/div><div class=\"edgtf-row-grid-section-wrapper\"  style=\"background-color:#f5f5f5\"><div class=\"edgtf-row-grid-section\"><div class=\"vc_row wpb_row vc_row-fluid vc_custom_1491837590537 vc_column-gap-25\" ><\/div><\/div><\/div><div class=\"wpb_column vc_column_container vc_col-sm-12 vc_col-lg-4 vc_col-md-12\"><div class=\"vc_column-inner vc_custom_1490881194251\"><div class=\"wpb_wrapper\"><\/div><\/div><\/div>\n\t<div class=\"wpb_text_column wpb_content_element\" >\n\t\t<div class=\"wpb_wrapper\">\n\t\t\t<p>Soy un bloque de texto. Haz clic en el bot\u00f3n Editar para cambiar este texto. Lorem ipsum dolor sit amet, consectetur adipiscing elit. Ut elit tellus, luctus nec ullamcorper mattis, pulvinar dapibus leo.<\/p>\n\n\t\t<\/div>\n\t<\/div>","protected":false},"excerpt":{"rendered":"Kiko Capilla Co-Fundador y Head coach Rafael \u00c1lvarez Espinosa Co-fundador y Head Coach. Graduado en Ciencias de la Actividad F\u00edsica y el Deporte Nacho Velasco Coach. Graduado en Ciencias de la Actividad F\u00edsica y el Deporte \u00c1lvaro Gamazo Coach. TAFAD [...]","protected":false},"author":1,"featured_media":0,"parent":0,"menu_order":0,"comment_status":"closed","ping_status":"closed","template":"full-width.php","meta":[],"yoast_head":"<!-- This site is optimized with the Yoast SEO plugin v17.2 - https:\/\/yoast.com\/wordpress\/plugins\/seo\/ -->\n<title>Conoce a nuestro equipo - Box Olimpo M\u00e1laga<\/title>\n<meta name=\"description\" content=\"Os presentamos al equipo que compone la plantilla de entrenadores de Box Olimpo M\u00e1laga.\" \/>\n<meta name=\"robots\" content=\"index, follow, max-snippet:-1, max-image-preview:large, max-video-preview:-1\" \/>\n<link rel=\"canonical\" href=\"https:\/\/boxolimpo.com\/en_us\/equipo\/\" \/>\n<meta property=\"og:locale\" content=\"en_US\" \/>\n<meta property=\"og:type\" content=\"article\" \/>\n<meta property=\"og:title\" content=\"Conoce a nuestro equipo - Box Olimpo M\u00e1laga\" \/>\n<meta property=\"og:description\" content=\"Os presentamos al equipo que compone la plantilla de entrenadores de Box Olimpo M\u00e1laga.\" \/>\n<meta property=\"og:url\" content=\"https:\/\/boxolimpo.com\/en_us\/equipo\/\" \/>\n<meta property=\"og:site_name\" content=\"Box Olimpo M\u00e1laga\" \/>\n<meta property=\"article:modified_time\" content=\"2025-05-28T15:52:51+00:00\" \/>\n<meta name=\"twitter:card\" content=\"summary_large_image\" \/>\n<meta name=\"twitter:label1\" content=\"Est. reading time\" \/>\n\t<meta name=\"twitter:data1\" content=\"1 minute\" \/>\n<script type=\"application\/ld+json\" class=\"yoast-schema-graph\">{\"@context\":\"https:\/\/schema.org\",\"@graph\":[{\"@type\":\"WebSite\",\"@id\":\"https:\/\/boxolimpo.com\/#website\",\"url\":\"https:\/\/boxolimpo.com\/\",\"name\":\"Box Olimpo M\\u00e1laga\",\"description\":\"CrossFit M\\u00e1laga\",\"potentialAction\":[{\"@type\":\"SearchAction\",\"target\":{\"@type\":\"EntryPoint\",\"urlTemplate\":\"https:\/\/boxolimpo.com\/?s={search_term_string}\"},\"query-input\":\"required name=search_term_string\"}],\"inLanguage\":\"en-US\"},{\"@type\":\"WebPage\",\"@id\":\"https:\/\/boxolimpo.com\/equipo#webpage\",\"url\":\"https:\/\/boxolimpo.com\/equipo\",\"name\":\"Conoce a nuestro equipo - Box Olimpo M\\u00e1laga\",\"isPartOf\":{\"@id\":\"https:\/\/boxolimpo.com\/#website\"},\"datePublished\":\"2017-04-10T14:31:44+00:00\",\"dateModified\":\"2025-05-28T15:52:51+00:00\",\"description\":\"Os presentamos al equipo que compone la plantilla de entrenadores de Box Olimpo M\\u00e1laga.\",\"breadcrumb\":{\"@id\":\"https:\/\/boxolimpo.com\/equipo#breadcrumb\"},\"inLanguage\":\"en-US\",\"potentialAction\":[{\"@type\":\"ReadAction\",\"target\":[\"https:\/\/boxolimpo.com\/equipo\"]}]},{\"@type\":\"BreadcrumbList\",\"@id\":\"https:\/\/boxolimpo.com\/equipo#breadcrumb\",\"itemListElement\":[{\"@type\":\"ListItem\",\"position\":1,\"name\":\"Portada\",\"item\":\"https:\/\/boxolimpo.com\/\"},{\"@type\":\"ListItem\",\"position\":2,\"name\":\"Conoce a nuestro equipo\"}]}]}<\/script>\n<!-- \/ Yoast SEO plugin. -->","yoast_head_json":{"title":"Conoce a nuestro equipo - Box Olimpo M\u00e1laga","description":"Os presentamos al equipo que compone la plantilla de entrenadores de Box Olimpo M\u00e1laga.","robots":{"index":"index","follow":"follow","max-snippet":"max-snippet:-1","max-image-preview":"max-image-preview:large","max-video-preview":"max-video-preview:-1"},"canonical":"https:\/\/boxolimpo.com\/en_us\/equipo\/","og_locale":"en_US","og_type":"article","og_title":"Conoce a nuestro equipo - Box Olimpo M\u00e1laga","og_description":"Os presentamos al equipo que compone la plantilla de entrenadores de Box Olimpo M\u00e1laga.","og_url":"https:\/\/boxolimpo.com\/en_us\/equipo\/","og_site_name":"Box Olimpo M\u00e1laga","article_modified_time":"2025-05-28T15:52:51+00:00","twitter_card":"summary_large_image","twitter_misc":{"Est. reading time":"1 minute"},"schema":{"@context":"https:\/\/schema.org","@graph":[{"@type":"WebSite","@id":"https:\/\/boxolimpo.com\/#website","url":"https:\/\/boxolimpo.com\/","name":"Box Olimpo M\u00e1laga","description":"CrossFit M\u00e1laga","potentialAction":[{"@type":"SearchAction","target":{"@type":"EntryPoint","urlTemplate":"https:\/\/boxolimpo.com\/?s={search_term_string}"},"query-input":"required name=search_term_string"}],"inLanguage":"en-US"},{"@type":"WebPage","@id":"https:\/\/boxolimpo.com\/equipo#webpage","url":"https:\/\/boxolimpo.com\/equipo","name":"Conoce a nuestro equipo - Box Olimpo M\u00e1laga","isPartOf":{"@id":"https:\/\/boxolimpo.com\/#website"},"datePublished":"2017-04-10T14:31:44+00:00","dateModified":"2025-05-28T15:52:51+00:00","description":"Os presentamos al equipo que compone la plantilla de entrenadores de Box Olimpo M\u00e1laga.","breadcrumb":{"@id":"https:\/\/boxolimpo.com\/equipo#breadcrumb"},"inLanguage":"en-US","potentialAction":[{"@type":"ReadAction","target":["https:\/\/boxolimpo.com\/equipo"]}]},{"@type":"BreadcrumbList","@id":"https:\/\/boxolimpo.com\/equipo#breadcrumb","itemListElement":[{"@type":"ListItem","position":1,"name":"Portada","item":"https:\/\/boxolimpo.com\/"},{"@type":"ListItem","position":2,"name":"Conoce a nuestro equipo"}]}]}},"_links":{"self":[{"href":"https:\/\/boxolimpo.com\/en_us\/wp-json\/wp\/v2\/pages\/7920"}],"collection":[{"href":"https:\/\/boxolimpo.com\/en_us\/wp-json\/wp\/v2\/pages"}],"about":[{"href":"https:\/\/boxolimpo.com\/en_us\/wp-json\/wp\/v2\/types\/page"}],"author":[{"embeddable":true,"href":"https:\/\/boxolimpo.com\/en_us\/wp-json\/wp\/v2\/users\/1"}],"replies":[{"embeddable":true,"href":"https:\/\/boxolimpo.com\/en_us\/wp-json\/wp\/v2\/comments?post=7920"}],"version-history":[{"count":16,"href":"https:\/\/boxolimpo.com\/en_us\/wp-json\/wp\/v2\/pages\/7920\/revisions"}],"predecessor-version":[{"id":11394,"href":"https:\/\/boxolimpo.com\/en_us\/wp-json\/wp\/v2\/pages\/7920\/revisions\/11394"}],"wp:attachment":[{"href":"https:\/\/boxolimpo.com\/en_us\/wp-json\/wp\/v2\/media?parent=7920"}],"curies":[{"name":"wp","href":"https:\/\/api.w.org\/{rel}","templated":true}]}}