{"id":8087,"date":"2017-04-11T10:35:56","date_gmt":"2017-04-11T10:35:56","guid":{"rendered":"http:\/\/maison.edge-themes.com\/?page_id=8087"},"modified":"2025-05-27T17:12:32","modified_gmt":"2025-05-27T17:12:32","slug":"contacto","status":"publish","type":"page","link":"https:\/\/boxolimpo.com\/en_us\/contacto","title":{"rendered":"Contacto"},"content":{"rendered":"<div class=\"edgtf-row-grid-section-wrapper edgtf-content-aligment-center\"  ><div class=\"edgtf-row-grid-section\"><div class=\"vc_row wpb_row vc_row-fluid vc_custom_1492094702642\" ><div class=\"wpb_column vc_column_container vc_col-sm-12\"><div class=\"vc_column-inner\"><div class=\"wpb_wrapper\"><div class=\"edgtf-elements-holder edgtf-one-column edgtf-responsive-mode-768 edgtf-one-column-alignment-center\" ><div class=\"edgtf-eh-item edgtf-horizontal-alignment-center\"  data-item-class=\"edgtf-eh-custom-465964\" data-1280-1600=\"0 25%\" data-1024-1280=\"0 20%\" data-768-1024=\"0 4%\" data-600-768=\"0 4%\" data-480-600=\"0 1%\" data-480=\"0 9%\">\n\t<div class=\"edgtf-eh-item-inner\">\n\t\t<div class=\"edgtf-eh-item-content edgtf-eh-custom-465964\" style=\"padding: 0 25%\">\n\t\t\t<div class=\"edgtf-section-title-holder edgtf-st-standard edgtf-st-title-left edgtf-st-normal-space\" style=\"text-align: center\">\n\t<div class=\"edgtf-st-inner\">\n\t\t\t\t\t<h3 class=\"edgtf-st-title\" >\n\t\t\t\tLlama o ven a vernos\t\t\t<\/h3>\n\t\t\t\t\t\t\t<p class=\"edgtf-st-text\" style=\"font-size: 16px;line-height: 30px;font-weight: 300;margin-top: 20px\">\n\t\t\t\tSi tienes alguna duda sobre nuestro box o quieres m\u00e1s informaci\u00f3n, puedes contactar con nosotros de diferentes maneras:\t\t\t<\/p>\n\t\t\t<\/div>\n<\/div><div class=\"vc_empty_space\"   style=\"height: 32px\"><span class=\"vc_empty_space_inner\"><\/span><\/div><div class=\"vc_btn3-container  wpb_animate_when_almost_visible wpb_fadeInLeft fadeInLeft vc_btn3-inline\" ><a class=\"vc_general vc_btn3 vc_btn3-size-lg vc_btn3-shape-rounded vc_btn3-style-modern vc_btn3-icon-left vc_btn3-color-vista-blue\" href=\"https:\/\/wa.me\/34658560109\" title=\"\" target=\"_blank\" rel=\"nofollow\"><i class=\"vc_btn3-icon fa fa-whatsapp\"><\/i> \u00a1Escr\u00edbenos AHORA al Whatsapp!<\/a><\/div>\t\t<\/div>\n\t<\/div>\n<\/div><\/div><\/div><\/div><\/div><\/div><\/div><\/div><div class=\"edgtf-row-grid-section-wrapper edgtf-content-aligment-center\"  ><div class=\"edgtf-row-grid-section\"><div class=\"vc_row wpb_row vc_row-fluid vc_custom_1491917713365 vc_column-gap-25\" ><div class=\"wpb_column vc_column_container vc_col-sm-12 vc_col-lg-4 vc_col-md-4\"><div class=\"vc_column-inner\"><div class=\"wpb_wrapper\"><div class=\"edgtf-elements-holder edgtf-one-column edgtf-responsive-mode-768 edgtf-one-column-alignment-left\" ><div class=\"edgtf-eh-item\"  data-item-class=\"edgtf-eh-custom-769505\" data-768-1024=\"0 8% 0 0\" data-600-768=\"0 60% 0 0\" data-480=\"0 31% 0 16%\">\n\t<div class=\"edgtf-eh-item-inner\">\n\t\t<div class=\"edgtf-eh-item-content edgtf-eh-custom-769505\" style=\"padding: 0 37% 0 0\">\n\t\t\t<div class=\"edgtf-iwt clearfix edgtf-iwt-icon-top edgtf-iwt-icon-medium edgtf-iwt-left-align edgtf-iwt-vertical-middle\">\n\t<div class=\"edgtf-iwt-icon\">\n\t\t\t\t\t<a itemprop=\"url\" href=\"#\" target=\"_self\">\n\t\t\t\t\t\t\t\t\t\t\t\t\t\t\t\t\t<\/a>\n\t\t\t<\/div>\n\t<div class=\"edgtf-iwt-content\" style=\"padding-top: 24px\">\n\t\t\t\t\t<h6 class=\"edgtf-iwt-title\" >\n\t\t\t\t\t\t\t\t\t<a itemprop=\"url\" href=\"#\" target=\"_self\">\n\t\t\t\t\t\t\t\t<span class=\"edgtf-iwt-title-text\">D\u00f3nde estamos<\/span>\n\t\t\t\t\t\t\t\t\t<\/a>\n\t\t\t\t\t\t\t<\/h6>\n\t\t\t\t\t\t\t<p class=\"edgtf-iwt-text\" style=\"font-size: 14px\">C\/ La Orotava 39 (Pol\u00edgono San Luis) M\u00e1laga<\/p>\n\t\t\t<\/div>\n<\/div>\t\t<\/div>\n\t<\/div>\n<\/div><\/div><\/div><\/div><\/div><div class=\"wpb_column vc_column_container vc_col-sm-12 vc_col-lg-4 vc_col-md-4\"><div class=\"vc_column-inner\"><div class=\"wpb_wrapper\"><div class=\"edgtf-elements-holder edgtf-one-column edgtf-responsive-mode-768 edgtf-one-column-alignment-left\" ><div class=\"edgtf-eh-item\"  data-item-class=\"edgtf-eh-custom-173391\" data-768-1024=\"0 8% 0 0\" data-600-768=\"0 60% 0 0\" data-480=\"0 31% 0 16%\">\n\t<div class=\"edgtf-eh-item-inner\">\n\t\t<div class=\"edgtf-eh-item-content edgtf-eh-custom-173391\" style=\"padding: 0 37% 0 0\">\n\t\t\t<div class=\"edgtf-iwt clearfix edgtf-iwt-icon-top edgtf-iwt-icon-medium edgtf-iwt-left-align edgtf-iwt-vertical-middle\">\n\t<div class=\"edgtf-iwt-icon\">\n\t\t\t\t\t<a itemprop=\"url\" href=\"#\" target=\"_self\">\n\t\t\t\t\t\t\t\t\t\t\t\t\t\t\t\t\t<\/a>\n\t\t\t<\/div>\n\t<div class=\"edgtf-iwt-content\" style=\"padding-top: 24px\">\n\t\t\t\t\t<h6 class=\"edgtf-iwt-title\" >\n\t\t\t\t\t\t\t\t\t<a itemprop=\"url\" href=\"#\" target=\"_self\">\n\t\t\t\t\t\t\t\t<span class=\"edgtf-iwt-title-text\">Contacto<\/span>\n\t\t\t\t\t\t\t\t\t<\/a>\n\t\t\t\t\t\t\t<\/h6>\n\t\t\t\t\t\t\t<p class=\"edgtf-iwt-text\" style=\"font-size: 14px\">info@boxolimpo.com<\/p>\n\t\t\t<\/div>\n<\/div>\t\t<\/div>\n\t<\/div>\n<\/div><\/div><\/div><\/div><\/div><div class=\"wpb_column vc_column_container vc_col-sm-12 vc_col-lg-4 vc_col-md-4\"><div class=\"vc_column-inner\"><div class=\"wpb_wrapper\"><div class=\"edgtf-elements-holder edgtf-one-column edgtf-responsive-mode-768 edgtf-one-column-alignment-left\" ><div class=\"edgtf-eh-item\"  data-item-class=\"edgtf-eh-custom-819300\" data-768-1024=\"0 8% 0 0\" data-600-768=\"0 60% 0 0\" data-480=\"0 31% 0 16%\">\n\t<div class=\"edgtf-eh-item-inner\">\n\t\t<div class=\"edgtf-eh-item-content edgtf-eh-custom-819300\" style=\"padding: 0 37% 0 0\">\n\t\t\t<div class=\"edgtf-iwt clearfix edgtf-iwt-icon-top edgtf-iwt-icon-medium edgtf-iwt-left-align edgtf-iwt-vertical-middle\">\n\t<div class=\"edgtf-iwt-icon\">\n\t\t\t\t\t<a itemprop=\"url\" href=\"#\" target=\"_self\">\n\t\t\t\t\t\t\t\t\t\t\t\t\t\t\t\t\t<\/a>\n\t\t\t<\/div>\n\t<div class=\"edgtf-iwt-content\" style=\"padding-top: 24px\">\n\t\t\t\t\t<h6 class=\"edgtf-iwt-title\" >\n\t\t\t\t\t\t\t\t\t<a itemprop=\"url\" href=\"#\" target=\"_self\">\n\t\t\t\t\t\t\t\t<span class=\"edgtf-iwt-title-text\">Ll\u00e1madas o Whatsapp<\/span>\n\t\t\t\t\t\t\t\t\t<\/a>\n\t\t\t\t\t\t\t<\/h6>\n\t\t\t\t\t\t\t<p class=\"edgtf-iwt-text\" style=\"font-size: 14px\">+34 658 56 01 09 \/ +34 660 19 82 60<\/p>\n\t\t\t<\/div>\n<\/div>\t\t<\/div>\n\t<\/div>\n<\/div><\/div><\/div><\/div><\/div><\/div><\/div><\/div><div class=\"edgtf-row-grid-section-wrapper edgtf-content-aligment-left\"  style=\"background-color:#f5f5f5\"><div class=\"edgtf-row-grid-section\"><div class=\"vc_row wpb_row vc_row-fluid vc_custom_1491918768187 vc_column-gap-25\" ><div class=\"wpb_column vc_column_container vc_col-sm-12 vc_col-lg-6 vc_col-md-6\"><div class=\"vc_column-inner\"><div class=\"wpb_wrapper\">\n\t<div class=\"wpb_text_column wpb_content_element\" >\n\t\t<div class=\"wpb_wrapper\">\n\t\t\t<h4>\u00bfD\u00f3nde estamos?<\/h4>\n\n\t\t<\/div>\n\t<\/div>\n<div class=\"vc_empty_space\"   style=\"height: 32px\"><span class=\"vc_empty_space_inner\"><\/span><\/div><div class=\"wpb_gmaps_widget wpb_content_element\"><div class=\"wpb_wrapper\"><div class=\"wpb_map_wraper\"><iframe src=\"https:\/\/www.google.com\/maps\/embed?pb=!1m18!1m12!1m3!1d3198.7961861715175!2d-4.478692784712836!3d36.70343527996861!2m3!1f0!2f0!3f0!3m2!1i1024!2i768!4f13.1!3m3!1m2!1s0xd72f754761d0a41%3A0x6a127ead0a49cae1!2sBox+Olimpo+M%C3%A1laga+Crossfit!5e0!3m2!1ses!2ses!4v1533657298326\" width=\"622\" height=\"296\" frameborder=\"0\" style=\"border:0\" allowfullscreen><\/iframe><\/div><\/div><\/div><div class=\"vc_empty_space\"   style=\"height: 50px\"><span class=\"vc_empty_space_inner\"><\/span><\/div><\/div><\/div><\/div><div class=\"wpb_column vc_column_container vc_col-sm-12 vc_col-lg-6 vc_col-md-6\"><div class=\"vc_column-inner\"><div class=\"wpb_wrapper\"><div class=\"vc_btn3-container  wpb_animate_when_almost_visible wpb_fadeInLeft fadeInLeft vc_btn3-inline\" ><a class=\"vc_general vc_btn3 vc_btn3-size-lg vc_btn3-shape-rounded vc_btn3-style-modern vc_btn3-icon-left vc_btn3-color-vista-blue\" href=\"https:\/\/wa.me\/34658560109\" title=\"\" target=\"_blank\" rel=\"nofollow\"><i class=\"vc_btn3-icon fa fa-whatsapp\"><\/i> \u00a1Escr\u00edbenos AHORA al Whatsapp!<\/a><\/div><div class=\"vc_empty_space\"   style=\"height: 32px\"><span class=\"vc_empty_space_inner\"><\/span><\/div>\n\t<div class=\"wpb_text_column wpb_content_element\" >\n\t\t<div class=\"wpb_wrapper\">\n\t\t\t<h4>Contacto v\u00eda Formulario<\/h4>\n\n\t\t<\/div>\n\t<\/div>\n<div class=\"vc_empty_space\"   style=\"height: 32px\"><span class=\"vc_empty_space_inner\"><\/span><\/div><div role=\"form\" class=\"wpcf7\" id=\"wpcf7-f10285-o1\" lang=\"es-ES\" dir=\"ltr\">\n<div class=\"screen-reader-response\"><p role=\"status\" aria-live=\"polite\" aria-atomic=\"true\"><\/p> <ul><\/ul><\/div>\n<form action=\"\/en_us\/wp-json\/wp\/v2\/pages\/8087#wpcf7-f10285-o1\" method=\"post\" class=\"wpcf7-form init cf7_custom_style_3\" novalidate=\"novalidate\" data-status=\"init\" data-trp-original-action=\"\/en_us\/wp-json\/wp\/v2\/pages\/8087#wpcf7-f10285-o1\">\n<div style=\"display: none;\">\n<input type=\"hidden\" name=\"_wpcf7\" value=\"10285\" \/>\n<input type=\"hidden\" name=\"_wpcf7_version\" value=\"5.4.2\" \/>\n<input type=\"hidden\" name=\"_wpcf7_locale\" value=\"es_ES\" \/>\n<input type=\"hidden\" name=\"_wpcf7_unit_tag\" value=\"wpcf7-f10285-o1\" \/>\n<input type=\"hidden\" name=\"_wpcf7_container_post\" value=\"0\" \/>\n<input type=\"hidden\" name=\"_wpcf7_posted_data_hash\" value=\"\" \/>\n<\/div>\n<div class=\"edgtf-grid-row edgtf-grid-tiny-gutter clearfix\">\n<div class=\"edgtf-grid-col-6\">\n    <span class=\"wpcf7-form-control-wrap your-name\"><input type=\"text\" name=\"your-name\" value=\"\" size=\"40\" class=\"wpcf7-form-control wpcf7-text wpcf7-validates-as-required\" aria-required=\"true\" aria-invalid=\"false\" placeholder=\"Nombre*\" \/><\/span>\n<\/div>\n<div class=\"edgtf-grid-col-6\">\n    <span class=\"wpcf7-form-control-wrap your-email\"><input type=\"email\" name=\"your-email\" value=\"\" size=\"40\" class=\"wpcf7-form-control wpcf7-text wpcf7-email wpcf7-validates-as-required wpcf7-validates-as-email\" aria-required=\"true\" aria-invalid=\"false\" placeholder=\"Email*\" \/><\/span>\n<\/div>\n<\/div>\n<div class=\"edgtf-grid-row edgtf-grid-tiny-gutter clearfix\">\n<div class=\"edgtf-grid-col-12\">\n<span class=\"wpcf7-form-control-wrap your-message\"><textarea name=\"your-message\" cols=\"40\" rows=\"10\" class=\"wpcf7-form-control wpcf7-textarea wpcf7-validates-as-required\" aria-required=\"true\" aria-invalid=\"false\" placeholder=\"Escribe lo que quieras preguntarnos\"><\/textarea><\/span>\n<\/div>\n<\/div>\n<p><input type=\"submit\" value=\"Enviar Mensaje\" class=\"wpcf7-form-control wpcf7-submit\" \/><\/p>\n<div class=\"wpcf7-response-output\" aria-hidden=\"true\"><\/div><input type=\"hidden\" name=\"trp-form-language\" value=\"en_us\"\/><\/form><\/div><div class=\"vc_empty_space\"   style=\"height: 50px\"><span class=\"vc_empty_space_inner\"><\/span><\/div><\/div><\/div><\/div><\/div><\/div><\/div><div class=\"edgtf-row-grid-section-wrapper\"  ><div class=\"edgtf-row-grid-section\"><div class=\"vc_row wpb_row vc_row-fluid vc_column-gap-25\" ><div class=\"wpb_column vc_column_container vc_col-sm-4\"><div class=\"vc_column-inner\"><div class=\"wpb_wrapper\">\n\t<div class=\"wpb_text_column wpb_content_element\" >\n\t\t<div class=\"wpb_wrapper\">\n\t\t\t<h6>Conecta con nosotros<\/h6>\n\n\t\t<\/div>\n\t<\/div>\n<div class=\"vc_empty_space\"   style=\"height: 33px\"><span class=\"vc_empty_space_inner\"><\/span><\/div><div class=\"edgtf-elements-holder edgtf-two-columns edgtf-responsive-mode-never\" ><div class=\"edgtf-eh-item\"  data-item-class=\"edgtf-eh-custom-477372\" data-768-1024=\"0 0 0 5%\">\n\t<div class=\"edgtf-eh-item-inner\">\n\t\t<div class=\"edgtf-eh-item-content edgtf-eh-custom-477372\" style=\"padding: 0 0 0 35%\">\n\t\t\t<div class=\"edgtf-iwt clearfix edgtf-iwt-icon-top edgtf-iwt-icon-medium edgtf-iwt-center-align edgtf-iwt-vertical-middle\">\n\t<div class=\"edgtf-iwt-icon\">\n\t\t\t\t\t<a itemprop=\"url\" href=\"https:\/\/www.facebook.com\/boxolimpomalaga\" target=\"_blank\">\n\t\t\t\t\t\t\t\t\t    <span class=\"edgtf-icon-shortcode edgtf-normal\"  data-hover-color=\"#767677\" data-color=\"#231f20\">\n                    <i class=\"edgtf-icon-font-awesome fa fa-facebook edgtf-icon-element\" style=\"color: #231f20;font-size:25px\" ><\/i>            <\/span>\n\t\t\t\t\t\t\t\t<\/a>\n\t\t\t<\/div>\n\t<div class=\"edgtf-iwt-content\" style=\"padding-top: 0px\">\n\t\t\t\t\t\t\t<p class=\"edgtf-iwt-text\" style=\"color: #333333;font-size: 11px;margin-top: 0px\">Facebook<\/p>\n\t\t\t<\/div>\n<\/div><div class=\"vc_empty_space\"   style=\"height: 30px\"><span class=\"vc_empty_space_inner\"><\/span><\/div><div class=\"edgtf-iwt clearfix edgtf-iwt-icon-top edgtf-iwt-icon-medium edgtf-iwt-center-align edgtf-iwt-vertical-middle\">\n\t<div class=\"edgtf-iwt-icon\">\n\t\t\t\t\t<a itemprop=\"url\" href=\"https:\/\/instragram.com\/boxolimpomalaga\" target=\"_blank\">\n\t\t\t\t\t\t\t\t\t    <span class=\"edgtf-icon-shortcode edgtf-normal\"  data-hover-color=\"#767677\" data-color=\"#231f20\">\n                    <i class=\"edgtf-icon-font-awesome fa fa-instagram edgtf-icon-element\" style=\"color: #231f20;font-size:25px\" ><\/i>            <\/span>\n\t\t\t\t\t\t\t\t<\/a>\n\t\t\t<\/div>\n\t<div class=\"edgtf-iwt-content\" style=\"padding-top: 0px\">\n\t\t\t\t\t\t\t<p class=\"edgtf-iwt-text\" style=\"color: #333333;font-size: 11px;margin-top: 0px\">Instagram<\/p>\n\t\t\t<\/div>\n<\/div><div class=\"vc_empty_space\"   style=\"height: 30px\"><span class=\"vc_empty_space_inner\"><\/span><\/div>\t\t<\/div>\n\t<\/div>\n<\/div><\/div><\/div><\/div><\/div><div class=\"wpb_column vc_column_container vc_col-sm-4 vc_col-lg-4 vc_col-md-4 vc_col-has-fill\"><div class=\"vc_column-inner vc_custom_1490961226490\"><div class=\"wpb_wrapper\">\n\t<div class=\"wpb_text_column wpb_content_element\" >\n\t\t<div class=\"wpb_wrapper\">\n\t\t\t<h6>Horario<\/h6>\n\n\t\t<\/div>\n\t<\/div>\n<div class=\"vc_empty_space\"   style=\"height: 14px\"><span class=\"vc_empty_space_inner\"><\/span><\/div><h3 style=\"text-align: center;font-family:Abril Fatface;font-weight:400;font-style:normal\" class=\"vc_custom_heading\" >De 7:00h a 22:00h<\/h3>\n\t<div class=\"wpb_text_column wpb_content_element\" >\n\t\t<div class=\"wpb_wrapper\">\n\t\t\t<p>Abrimos ininterrumpidamente para que elijas el horario que mejor se adapte a tu d\u00eda a d\u00eda.<\/p>\n\n\t\t<\/div>\n\t<\/div>\n<div class=\"vc_empty_space\"   style=\"height: 7px\"><span class=\"vc_empty_space_inner\"><\/span><\/div><\/div><\/div><\/div><div class=\"wpb_column vc_column_container vc_col-sm-4 vc_col-lg-4 vc_col-md-4 vc_col-has-fill\"><div class=\"vc_column-inner vc_custom_1490964950984\"><div class=\"wpb_wrapper\">\n\t<div class=\"wpb_text_column wpb_content_element\" >\n\t\t<div class=\"wpb_wrapper\">\n\t\t\t<h6>Entrenadores de CrossFit y halterofilia cualificados<\/h6>\n\n\t\t<\/div>\n\t<\/div>\n<div class=\"vc_empty_space\"   style=\"height: 14px\"><span class=\"vc_empty_space_inner\"><\/span><\/div>\n\t<div class=\"wpb_text_column wpb_content_element\" >\n\t\t<div class=\"wpb_wrapper\">\n\t\t\t<p>Coaches, titulados en Level I y Level II; Endurance y entrenadores de halterofilia, fuerza y musculaci\u00f3n por la Federaci\u00f3n Espa\u00f1ola de Halterofilia.<\/p>\n\n\t\t<\/div>\n\t<\/div>\n<div class=\"vc_empty_space\"   style=\"height: 35px\"><span class=\"vc_empty_space_inner\"><\/span><\/div><div class=\"edgtf-elements-holder edgtf-one-column edgtf-responsive-mode-768\" ><div class=\"edgtf-eh-item edgtf-horizontal-alignment-center\"  data-item-class=\"edgtf-eh-custom-280300\">\n\t<div class=\"edgtf-eh-item-inner\">\n\t\t<div class=\"edgtf-eh-item-content edgtf-eh-custom-280300\" style=\"padding: 0 5%\">\n\t\t\t<div class=\"edgtf-clients-wc-holder  edgtf-ch-columns-1 edgtf-ch-no-space edgtf-ch-alignment-center edgtf-cc-hover-switch-images\"><div class=\"edgtf-ch-inner\"><div class=\"edgtf-cc-item\">\n\t\t\t<a itemprop=\"url\" class=\"edgtf-cc-link edgtf-block-drag-link\" href=\"#\" target=\"_self\">\n\t\t\t\t\t\t<img itemprop=\"image\" class=\"edgtf-cc-image\" src=\"https:\/\/boxolimpo.com\/wp-content\/uploads\/2018\/08\/federacion-halterofilia1.png\" alt=\"federacion halterofilia1\" \/>\n\t\t\t\t\t\t\t<img itemprop=\"image\" class=\"edgtf-cc-hover-image\" src=\"https:\/\/boxolimpo.com\/wp-content\/uploads\/2018\/08\/federacion-halterofilia.png\" alt=\"federacion halterofilia crossfit malaga\" \/>\n\t\t\t\t\t<\/a>\n\t<\/div><\/div><\/div>\t\t<\/div>\n\t<\/div>\n<\/div><\/div><div class=\"vc_empty_space\"   style=\"height: 50px\"><span class=\"vc_empty_space_inner\"><\/span><\/div><\/div><\/div><\/div><\/div><\/div><\/div>","protected":false},"excerpt":{"rendered":"Llama o ven a vernos Si tienes alguna duda sobre nuestro box o quieres m\u00e1s informaci\u00f3n, puedes contactar con nosotros de diferentes maneras: \u00a1Escr\u00edbenos AHORA al Whatsapp! D\u00f3nde estamos C\/ La Orotava 39 (Pol\u00edgono San Luis) M\u00e1laga Contacto info@boxolimpo.com Ll\u00e1madas [...]","protected":false},"author":1,"featured_media":0,"parent":0,"menu_order":0,"comment_status":"closed","ping_status":"closed","template":"full-width.php","meta":[],"yoast_head":"<!-- This site is optimized with the Yoast SEO plugin v17.2 - https:\/\/yoast.com\/wordpress\/plugins\/seo\/ -->\n<title>Contacto - Box Olimpo M\u00e1laga<\/title>\n<meta name=\"robots\" content=\"index, follow, max-snippet:-1, max-image-preview:large, max-video-preview:-1\" \/>\n<link rel=\"canonical\" href=\"https:\/\/boxolimpo.com\/en_us\/contacto\/\" \/>\n<meta property=\"og:locale\" content=\"en_US\" \/>\n<meta property=\"og:type\" content=\"article\" \/>\n<meta property=\"og:title\" content=\"Contacto - Box Olimpo M\u00e1laga\" \/>\n<meta property=\"og:url\" content=\"https:\/\/boxolimpo.com\/en_us\/contacto\/\" \/>\n<meta property=\"og:site_name\" content=\"Box Olimpo M\u00e1laga\" \/>\n<meta property=\"article:modified_time\" content=\"2025-05-27T17:12:32+00:00\" \/>\n<meta name=\"twitter:card\" content=\"summary_large_image\" \/>\n<meta name=\"twitter:label1\" content=\"Est. reading time\" \/>\n\t<meta name=\"twitter:data1\" content=\"2 minutes\" \/>\n<script type=\"application\/ld+json\" class=\"yoast-schema-graph\">{\"@context\":\"https:\/\/schema.org\",\"@graph\":[{\"@type\":\"WebSite\",\"@id\":\"https:\/\/boxolimpo.com\/#website\",\"url\":\"https:\/\/boxolimpo.com\/\",\"name\":\"Box Olimpo M\\u00e1laga\",\"description\":\"CrossFit M\\u00e1laga\",\"potentialAction\":[{\"@type\":\"SearchAction\",\"target\":{\"@type\":\"EntryPoint\",\"urlTemplate\":\"https:\/\/boxolimpo.com\/?s={search_term_string}\"},\"query-input\":\"required name=search_term_string\"}],\"inLanguage\":\"en-US\"},{\"@type\":\"WebPage\",\"@id\":\"https:\/\/boxolimpo.com\/contacto#webpage\",\"url\":\"https:\/\/boxolimpo.com\/contacto\",\"name\":\"Contacto - Box Olimpo M\\u00e1laga\",\"isPartOf\":{\"@id\":\"https:\/\/boxolimpo.com\/#website\"},\"datePublished\":\"2017-04-11T10:35:56+00:00\",\"dateModified\":\"2025-05-27T17:12:32+00:00\",\"breadcrumb\":{\"@id\":\"https:\/\/boxolimpo.com\/contacto#breadcrumb\"},\"inLanguage\":\"en-US\",\"potentialAction\":[{\"@type\":\"ReadAction\",\"target\":[\"https:\/\/boxolimpo.com\/contacto\"]}]},{\"@type\":\"BreadcrumbList\",\"@id\":\"https:\/\/boxolimpo.com\/contacto#breadcrumb\",\"itemListElement\":[{\"@type\":\"ListItem\",\"position\":1,\"name\":\"Portada\",\"item\":\"https:\/\/boxolimpo.com\/\"},{\"@type\":\"ListItem\",\"position\":2,\"name\":\"Contacto\"}]}]}<\/script>\n<!-- \/ Yoast SEO plugin. -->","yoast_head_json":{"title":"Contacto - Box Olimpo M\u00e1laga","robots":{"index":"index","follow":"follow","max-snippet":"max-snippet:-1","max-image-preview":"max-image-preview:large","max-video-preview":"max-video-preview:-1"},"canonical":"https:\/\/boxolimpo.com\/en_us\/contacto\/","og_locale":"en_US","og_type":"article","og_title":"Contacto - Box Olimpo M\u00e1laga","og_url":"https:\/\/boxolimpo.com\/en_us\/contacto\/","og_site_name":"Box Olimpo M\u00e1laga","article_modified_time":"2025-05-27T17:12:32+00:00","twitter_card":"summary_large_image","twitter_misc":{"Est. reading time":"2 minutes"},"schema":{"@context":"https:\/\/schema.org","@graph":[{"@type":"WebSite","@id":"https:\/\/boxolimpo.com\/#website","url":"https:\/\/boxolimpo.com\/","name":"Box Olimpo M\u00e1laga","description":"CrossFit M\u00e1laga","potentialAction":[{"@type":"SearchAction","target":{"@type":"EntryPoint","urlTemplate":"https:\/\/boxolimpo.com\/?s={search_term_string}"},"query-input":"required name=search_term_string"}],"inLanguage":"en-US"},{"@type":"WebPage","@id":"https:\/\/boxolimpo.com\/contacto#webpage","url":"https:\/\/boxolimpo.com\/contacto","name":"Contacto - Box Olimpo M\u00e1laga","isPartOf":{"@id":"https:\/\/boxolimpo.com\/#website"},"datePublished":"2017-04-11T10:35:56+00:00","dateModified":"2025-05-27T17:12:32+00:00","breadcrumb":{"@id":"https:\/\/boxolimpo.com\/contacto#breadcrumb"},"inLanguage":"en-US","potentialAction":[{"@type":"ReadAction","target":["https:\/\/boxolimpo.com\/contacto"]}]},{"@type":"BreadcrumbList","@id":"https:\/\/boxolimpo.com\/contacto#breadcrumb","itemListElement":[{"@type":"ListItem","position":1,"name":"Portada","item":"https:\/\/boxolimpo.com\/"},{"@type":"ListItem","position":2,"name":"Contacto"}]}]}},"_links":{"self":[{"href":"https:\/\/boxolimpo.com\/en_us\/wp-json\/wp\/v2\/pages\/8087"}],"collection":[{"href":"https:\/\/boxolimpo.com\/en_us\/wp-json\/wp\/v2\/pages"}],"about":[{"href":"https:\/\/boxolimpo.com\/en_us\/wp-json\/wp\/v2\/types\/page"}],"author":[{"embeddable":true,"href":"https:\/\/boxolimpo.com\/en_us\/wp-json\/wp\/v2\/users\/1"}],"replies":[{"embeddable":true,"href":"https:\/\/boxolimpo.com\/en_us\/wp-json\/wp\/v2\/comments?post=8087"}],"version-history":[{"count":29,"href":"https:\/\/boxolimpo.com\/en_us\/wp-json\/wp\/v2\/pages\/8087\/revisions"}],"predecessor-version":[{"id":11391,"href":"https:\/\/boxolimpo.com\/en_us\/wp-json\/wp\/v2\/pages\/8087\/revisions\/11391"}],"wp:attachment":[{"href":"https:\/\/boxolimpo.com\/en_us\/wp-json\/wp\/v2\/media?parent=8087"}],"curies":[{"name":"wp","href":"https:\/\/api.w.org\/{rel}","templated":true}]}}