{"id":8219,"date":"2017-04-12T08:32:57","date_gmt":"2017-04-12T08:32:57","guid":{"rendered":"http:\/\/maison.edge-themes.com\/?page_id=8219"},"modified":"2026-05-12T08:16:34","modified_gmt":"2026-05-12T08:16:34","slug":"planes-y-precios","status":"publish","type":"page","link":"https:\/\/boxolimpo.com\/en_us\/planes-y-precios","title":{"rendered":"Planes y precios"},"content":{"rendered":"<div class=\"vc_row wpb_row vc_row-fluid\" ><div class=\"wpb_column vc_column_container vc_col-sm-12\"><div class=\"vc_column-inner\"><div class=\"wpb_wrapper\">\n\t<div class=\"wpb_text_column wpb_content_element\" >\n\t\t<div class=\"wpb_wrapper\">\n\t\t\t<h4 style=\"text-align: center;\">De 7:00 de la ma\u00f1ana a 22:00 de la noche ininterrumpidamente<\/h4>\n<p style=\"text-align: center;\"><img loading=\"lazy\" class=\"alignnone wp-image-11501 size-full\" src=\"https:\/\/boxolimpo.com\/wp-content\/uploads\/2026\/05\/HORARIO-PAGINA-WEB-2026.png\" alt=\"\" width=\"778\" height=\"548\" srcset=\"https:\/\/boxolimpo.com\/wp-content\/uploads\/2026\/05\/HORARIO-PAGINA-WEB-2026.png 778w, https:\/\/boxolimpo.com\/wp-content\/uploads\/2026\/05\/HORARIO-PAGINA-WEB-2026-300x211.png 300w, https:\/\/boxolimpo.com\/wp-content\/uploads\/2026\/05\/HORARIO-PAGINA-WEB-2026-768x541.png 768w, https:\/\/boxolimpo.com\/wp-content\/uploads\/2026\/05\/HORARIO-PAGINA-WEB-2026-18x12.png 18w\" sizes=\"(max-width: 778px) 100vw, 778px\" \/><\/p>\n\n\t\t<\/div>\n\t<\/div>\n<\/div><\/div><\/div><\/div><div class=\"edgtf-row-grid-section-wrapper edgtf-content-aligment-center\"  style=\"background-color:#f5f5f5\"><div class=\"edgtf-row-grid-section\"><div class=\"vc_row wpb_row vc_row-fluid vc_custom_1492768619370\" ><div class=\"wpb_column vc_column_container vc_col-sm-12\"><div class=\"vc_column-inner\"><div class=\"wpb_wrapper\"><div class=\"edgtf-elements-holder edgtf-one-column edgtf-responsive-mode-768 edgtf-one-column-alignment-center\" ><div class=\"edgtf-eh-item edgtf-horizontal-alignment-center\"  data-item-class=\"edgtf-eh-custom-850379\" data-1280-1600=\"0 25%\" data-1024-1280=\"0 20%\" data-768-1024=\"0 4%\" data-600-768=\"0 4%\" data-480-600=\"0 1%\" data-480=\"0 9%\">\n\t<div class=\"edgtf-eh-item-inner\">\n\t\t<div class=\"edgtf-eh-item-content edgtf-eh-custom-850379\" style=\"padding: 0 25%\">\n\t\t\t<div class=\"edgtf-section-title-holder edgtf-st-standard edgtf-st-title-left edgtf-st-normal-space\" style=\"text-align: center\">\n\t<div class=\"edgtf-st-inner\">\n\t\t\t\t\t<h3 class=\"edgtf-st-title\" >\n\t\t\t\tBOX OLIMPO M\u00c1LAGA\t\t\t<\/h3>\n\t\t\t\t\t\t\t<p class=\"edgtf-st-text\" style=\"font-size: 16px;line-height: 30px;font-weight: 300;margin-top: 20px\">\n\t\t\t\tCentro de entrenamiento: Crosstraining, Deka-fit, Hybrid training, Halterofilia, Gimn\u00e1sticos, Musculaci\u00f3n\t\t\t<\/p>\n\t\t\t<\/div>\n<\/div>\t\t<\/div>\n\t<\/div>\n<\/div><\/div><div class=\"vc_empty_space\"   style=\"height: 80px\"><span class=\"vc_empty_space_inner\"><\/span><\/div><div class=\"edgtf-pricing-tables clearfix  edgtf-three-columns edgtf-pt-big-space\"><div class=\"edgtf-pt-wrapper\"><div class=\"edgtf-price-table\">\n\t<div class=\"edgtf-pt-inner\">\n\t\t<ul>\n\t\t\t<li class=\"edgtf-pt-prices\">\n\t\t\t\t<span class=\"edgtf-pt-price-inner\">\n\t\t\t\t\t<span class=\"edgtf-pt-price\"  >40<\/span>\n\t\t\t\t\t<span class=\"edgtf-pt-value\"  >\u20ac<\/span>\n\t\t\t\t<\/span>\n\t\t\t\t<span class=\"edgtf-pt-title-inner\">\n\t\t\t\t\t<span class=\"edgtf-pt-title\"  >Elemental<\/span>\n\t\t\t\t\t<span class=\"edgtf-pt-mark\"  >1 Mes<\/span>\n\t\t\t\t<\/span>\n\t\t\t<\/li>\n\t\t\t<li class=\"edgtf-pt-content\">\n\t\t\t\t5 Clases \/ mes\t\t\t<\/li>\n\t\t\t\t\t\t\t<li class=\"edgtf-pt-button\">\n\t\t\t\t\t<a itemprop=\"url\" href=\"#\" target=\"_self\"  class=\"edgtf-btn edgtf-btn-medium edgtf-btn-solid\"  >    <span class=\"edgtf-btn-text\">ESTE ES MI PLAN<\/span>    <\/a>\t\t\t\t<\/li>\n\t\t\t\t\t<\/ul>\n\t<\/div>\n<\/div><div class=\"edgtf-price-table\">\n\t<div class=\"edgtf-pt-inner\">\n\t\t<ul>\n\t\t\t<li class=\"edgtf-pt-prices\">\n\t\t\t\t<span class=\"edgtf-pt-price-inner\">\n\t\t\t\t\t<span class=\"edgtf-pt-price\"  >50<\/span>\n\t\t\t\t\t<span class=\"edgtf-pt-value\"  >\u20ac<\/span>\n\t\t\t\t<\/span>\n\t\t\t\t<span class=\"edgtf-pt-title-inner\">\n\t\t\t\t\t<span class=\"edgtf-pt-title\"  >B\u00e1sico<\/span>\n\t\t\t\t\t<span class=\"edgtf-pt-mark\"  >1 Mes<\/span>\n\t\t\t\t<\/span>\n\t\t\t<\/li>\n\t\t\t<li class=\"edgtf-pt-content\">\n\t\t\t\t9 Clases\/mes\t\t\t<\/li>\n\t\t\t\t\t\t\t<li class=\"edgtf-pt-button\">\n\t\t\t\t\t<a itemprop=\"url\" href=\"#\" target=\"_self\"  class=\"edgtf-btn edgtf-btn-medium edgtf-btn-solid\"  >    <span class=\"edgtf-btn-text\">ESTE ES MI PLAN<\/span>    <\/a>\t\t\t\t<\/li>\n\t\t\t\t\t<\/ul>\n\t<\/div>\n<\/div><div class=\"edgtf-price-table\">\n\t<div class=\"edgtf-pt-inner\">\n\t\t<ul>\n\t\t\t<li class=\"edgtf-pt-prices\">\n\t\t\t\t<span class=\"edgtf-pt-price-inner\">\n\t\t\t\t\t<span class=\"edgtf-pt-price\"  >60<\/span>\n\t\t\t\t\t<span class=\"edgtf-pt-value\"  >\u20ac<\/span>\n\t\t\t\t<\/span>\n\t\t\t\t<span class=\"edgtf-pt-title-inner\">\n\t\t\t\t\t<span class=\"edgtf-pt-title\"  >Medio<\/span>\n\t\t\t\t\t<span class=\"edgtf-pt-mark\"  >1 Mes<\/span>\n\t\t\t\t<\/span>\n\t\t\t<\/li>\n\t\t\t<li class=\"edgtf-pt-content\">\n\t\t\t\t13 Clases\/mes\t\t\t<\/li>\n\t\t\t\t\t\t\t<li class=\"edgtf-pt-button\">\n\t\t\t\t\t<a itemprop=\"url\" href=\"#\" target=\"_self\"  class=\"edgtf-btn edgtf-btn-medium edgtf-btn-solid\"  >    <span class=\"edgtf-btn-text\">ESTE ES MI PLAN<\/span>    <\/a>\t\t\t\t<\/li>\n\t\t\t\t\t<\/ul>\n\t<\/div>\n<\/div><div class=\"edgtf-price-table\">\n\t<div class=\"edgtf-pt-inner\">\n\t\t<ul>\n\t\t\t<li class=\"edgtf-pt-prices\">\n\t\t\t\t<span class=\"edgtf-pt-price-inner\">\n\t\t\t\t\t<span class=\"edgtf-pt-price\"  >70<\/span>\n\t\t\t\t\t<span class=\"edgtf-pt-value\"  >\u20ac<\/span>\n\t\t\t\t<\/span>\n\t\t\t\t<span class=\"edgtf-pt-title-inner\">\n\t\t\t\t\t<span class=\"edgtf-pt-title\"  >Avanzado<\/span>\n\t\t\t\t\t<span class=\"edgtf-pt-mark\"  >1 Mes<\/span>\n\t\t\t\t<\/span>\n\t\t\t<\/li>\n\t\t\t<li class=\"edgtf-pt-content\">\n\t\t\t\t17 Clases\/mes\t\t\t<\/li>\n\t\t\t\t\t\t\t<li class=\"edgtf-pt-button\">\n\t\t\t\t\t<a itemprop=\"url\" href=\"#\" target=\"_self\"  class=\"edgtf-btn edgtf-btn-medium edgtf-btn-solid\"  >    <span class=\"edgtf-btn-text\">ESTE ES MI PLAN<\/span>    <\/a>\t\t\t\t<\/li>\n\t\t\t\t\t<\/ul>\n\t<\/div>\n<\/div><div class=\"edgtf-price-table\">\n\t<div class=\"edgtf-pt-inner\">\n\t\t<ul>\n\t\t\t<li class=\"edgtf-pt-prices\">\n\t\t\t\t<span class=\"edgtf-pt-price-inner\">\n\t\t\t\t\t<span class=\"edgtf-pt-price\"  >80<\/span>\n\t\t\t\t\t<span class=\"edgtf-pt-value\"  >\u20ac<\/span>\n\t\t\t\t<\/span>\n\t\t\t\t<span class=\"edgtf-pt-title-inner\">\n\t\t\t\t\t<span class=\"edgtf-pt-title\"  >\u00c9lite<\/span>\n\t\t\t\t\t<span class=\"edgtf-pt-mark\"  >1 Mes<\/span>\n\t\t\t\t<\/span>\n\t\t\t<\/li>\n\t\t\t<li class=\"edgtf-pt-content\">\n\t\t\t\t21 Clases\/mes\t\t\t<\/li>\n\t\t\t\t\t\t\t<li class=\"edgtf-pt-button\">\n\t\t\t\t\t<a itemprop=\"url\" href=\"#\" target=\"_self\"  class=\"edgtf-btn edgtf-btn-medium edgtf-btn-solid\"  >    <span class=\"edgtf-btn-text\">ESTE ES MI PLAN<\/span>    <\/a>\t\t\t\t<\/li>\n\t\t\t\t\t<\/ul>\n\t<\/div>\n<\/div><div class=\"edgtf-price-table\">\n\t<div class=\"edgtf-pt-inner\">\n\t\t<ul>\n\t\t\t<li class=\"edgtf-pt-prices\">\n\t\t\t\t<span class=\"edgtf-pt-price-inner\">\n\t\t\t\t\t<span class=\"edgtf-pt-price\"  >85<\/span>\n\t\t\t\t\t<span class=\"edgtf-pt-value\"  >\u20ac<\/span>\n\t\t\t\t<\/span>\n\t\t\t\t<span class=\"edgtf-pt-title-inner\">\n\t\t\t\t\t<span class=\"edgtf-pt-title\"  >Ilimitado<\/span>\n\t\t\t\t\t<span class=\"edgtf-pt-mark\"  >1 Mes<\/span>\n\t\t\t\t<\/span>\n\t\t\t<\/li>\n\t\t\t<li class=\"edgtf-pt-content\">\n\t\t\t\tIlimitado\t\t\t<\/li>\n\t\t\t\t\t\t\t<li class=\"edgtf-pt-button\">\n\t\t\t\t\t<a itemprop=\"url\" href=\"#\" target=\"_self\"  class=\"edgtf-btn edgtf-btn-medium edgtf-btn-solid\"  >    <span class=\"edgtf-btn-text\">ESTE ES MI PLAN<\/span>    <\/a>\t\t\t\t<\/li>\n\t\t\t\t\t<\/ul>\n\t<\/div>\n<\/div><\/div><\/div><\/div><\/div><\/div><\/div><\/div><\/div><div class=\"edgtf-row-grid-section-wrapper\"  ><div class=\"edgtf-row-grid-section\"><div class=\"vc_row wpb_row vc_row-fluid vc_custom_1491207316523 vc_column-gap-25\" ><div class=\"wpb_column vc_column_container vc_col-sm-12 vc_col-lg-6 vc_col-md-12\"><div class=\"vc_column-inner\"><div class=\"wpb_wrapper\"><div class=\"edgtf-section-title-holder edgtf-st-standard edgtf-st-title-left edgtf-st-normal-space\" >\n\t<div class=\"edgtf-st-inner\">\n\t\t\t\t\t<h2 class=\"edgtf-st-title\" >\n\t\t\t\tMejora tu rendimiento\t\t\t<\/h2>\n\t\t\t\t\t<\/div>\n<\/div><div class=\"edgtf-progress-bar\">\n\t<p class=\"edgtf-pb-title-holder\" >\n\t\t<span class=\"edgtf-pb-title\">Fuerza<\/span>\n\t\t<span class=\"edgtf-pb-percent\" data-position=\"78\">0<\/span>\n\t<\/p>\n\t<div class=\"edgtf-pb-content-holder\" style=\"background-color: #ffffff\">\n\t\t<div data-percentage=78 class=\"edgtf-pb-content\" ><\/div>\n\t<\/div>\n<\/div><div class=\"vc_empty_space\"   style=\"height: 23px\"><span class=\"vc_empty_space_inner\"><\/span><\/div><div class=\"edgtf-progress-bar\">\n\t<p class=\"edgtf-pb-title-holder\" >\n\t\t<span class=\"edgtf-pb-title\">Resistencia<\/span>\n\t\t<span class=\"edgtf-pb-percent\" data-position=\"91\">0<\/span>\n\t<\/p>\n\t<div class=\"edgtf-pb-content-holder\" style=\"background-color: #ffffff\">\n\t\t<div data-percentage=91 class=\"edgtf-pb-content\" ><\/div>\n\t<\/div>\n<\/div><div class=\"vc_empty_space\"   style=\"height: 23px\"><span class=\"vc_empty_space_inner\"><\/span><\/div><div class=\"edgtf-progress-bar\">\n\t<p class=\"edgtf-pb-title-holder\" >\n\t\t<span class=\"edgtf-pb-title\">Velocidad<\/span>\n\t\t<span class=\"edgtf-pb-percent\" data-position=\"63\">0<\/span>\n\t<\/p>\n\t<div class=\"edgtf-pb-content-holder\" style=\"background-color: #ffffff\">\n\t\t<div data-percentage=63 class=\"edgtf-pb-content\" ><\/div>\n\t<\/div>\n<\/div><div class=\"vc_empty_space\"   style=\"height: 23px\"><span class=\"vc_empty_space_inner\"><\/span><\/div><div class=\"edgtf-progress-bar\">\n\t<p class=\"edgtf-pb-title-holder\" >\n\t\t<span class=\"edgtf-pb-title\">Movilidad<\/span>\n\t\t<span class=\"edgtf-pb-percent\" data-position=\"72\">0<\/span>\n\t<\/p>\n\t<div class=\"edgtf-pb-content-holder\" style=\"background-color: #ffffff\">\n\t\t<div data-percentage=72 class=\"edgtf-pb-content\" ><\/div>\n\t<\/div>\n<\/div><div class=\"vc_empty_space\"   style=\"height: 50px\"><span class=\"vc_empty_space_inner\"><\/span><\/div><\/div><\/div><\/div><div class=\"wpb_column vc_column_container vc_col-sm-12 vc_col-lg-6 vc_col-md-12\"><div class=\"vc_column-inner\"><div class=\"wpb_wrapper\"><div class=\"vc_empty_space\"   style=\"height: 10px\"><span class=\"vc_empty_space_inner\"><\/span><\/div>\n\t<div class=\"wpb_text_column wpb_content_element\" >\n\t\t<div class=\"wpb_wrapper\">\n\t\t\t<h4>Entrenamientos espec\u00edficos para atletas\u00a0de competici\u00f3n o de diferentes disciplinas<\/h4>\n\n\t\t<\/div>\n\t<\/div>\n<div class=\"vc_empty_space\"   style=\"height: 17px\"><span class=\"vc_empty_space_inner\"><\/span><\/div>\n\t<div class=\"wpb_text_column wpb_content_element\" >\n\t\t<div class=\"wpb_wrapper\">\n\t\t\t<p>Disponemos de un programa propio de entrenamientos espec\u00edficos orientados a competici\u00f3n (OCP) para ayudar a los atletas de m\u00e1s alto nivel de M\u00e1laga a alcanzar su rendimiento \u00f3ptimo.<br \/>\nProgramas pensados y calculados para optimizar el rendimiento deportivo de cada uno de nuestros atletas RX.<\/p>\n<p>Sean cuales sean tus objetivos, podemos ayudarte!<\/p>\n\n\t\t<\/div>\n\t<\/div>\n<div class=\"vc_empty_space\"   style=\"height: 50px\"><span class=\"vc_empty_space_inner\"><\/span><\/div><\/div><\/div><\/div><\/div><\/div><\/div>","protected":false},"excerpt":{"rendered":"De 7:00 de la ma\u00f1ana a 22:00 de la noche ininterrumpidamente BOX OLIMPO M\u00c1LAGA Centro de entrenamiento: Crosstraining, Deka-fit, Hybrid training, Halterofilia, Gimn\u00e1sticos, Musculaci\u00f3n 40 \u20ac Elemental 1 Mes 5 Clases \/ mes ESTE ES MI PLAN 50 \u20ac B\u00e1sico [...]","protected":false},"author":1,"featured_media":0,"parent":0,"menu_order":0,"comment_status":"closed","ping_status":"closed","template":"full-width.php","meta":[],"yoast_head":"<!-- This site is optimized with the Yoast SEO plugin v17.2 - https:\/\/yoast.com\/wordpress\/plugins\/seo\/ -->\n<title>Planes y precios - Box Olimpo M\u00e1laga<\/title>\n<meta name=\"robots\" content=\"index, follow, max-snippet:-1, max-image-preview:large, max-video-preview:-1\" \/>\n<link rel=\"canonical\" href=\"https:\/\/boxolimpo.com\/en_us\/planes-y-precios\/\" \/>\n<meta property=\"og:locale\" content=\"en_US\" \/>\n<meta property=\"og:type\" content=\"article\" \/>\n<meta property=\"og:title\" content=\"Planes y precios - Box Olimpo M\u00e1laga\" \/>\n<meta property=\"og:url\" content=\"https:\/\/boxolimpo.com\/en_us\/planes-y-precios\/\" \/>\n<meta property=\"og:site_name\" content=\"Box Olimpo M\u00e1laga\" \/>\n<meta property=\"article:modified_time\" content=\"2026-05-12T08:16:34+00:00\" \/>\n<meta property=\"og:image\" content=\"https:\/\/boxolimpo.com\/wp-content\/uploads\/2026\/05\/HORARIO-PAGINA-WEB-2026.png\" \/>\n<meta name=\"twitter:card\" content=\"summary_large_image\" \/>\n<meta name=\"twitter:label1\" content=\"Est. reading time\" \/>\n\t<meta name=\"twitter:data1\" content=\"2 minutes\" \/>\n<script type=\"application\/ld+json\" class=\"yoast-schema-graph\">{\"@context\":\"https:\/\/schema.org\",\"@graph\":[{\"@type\":\"WebSite\",\"@id\":\"https:\/\/boxolimpo.com\/#website\",\"url\":\"https:\/\/boxolimpo.com\/\",\"name\":\"Box Olimpo M\\u00e1laga\",\"description\":\"CrossFit M\\u00e1laga\",\"potentialAction\":[{\"@type\":\"SearchAction\",\"target\":{\"@type\":\"EntryPoint\",\"urlTemplate\":\"https:\/\/boxolimpo.com\/?s={search_term_string}\"},\"query-input\":\"required name=search_term_string\"}],\"inLanguage\":\"en-US\"},{\"@type\":\"ImageObject\",\"@id\":\"https:\/\/boxolimpo.com\/planes-y-precios#primaryimage\",\"inLanguage\":\"en-US\",\"url\":\"https:\/\/boxolimpo.com\/wp-content\/uploads\/2026\/05\/HORARIO-PAGINA-WEB-2026.png\",\"contentUrl\":\"https:\/\/boxolimpo.com\/wp-content\/uploads\/2026\/05\/HORARIO-PAGINA-WEB-2026.png\",\"width\":778,\"height\":548},{\"@type\":\"WebPage\",\"@id\":\"https:\/\/boxolimpo.com\/planes-y-precios#webpage\",\"url\":\"https:\/\/boxolimpo.com\/planes-y-precios\",\"name\":\"Planes y precios - Box Olimpo M\\u00e1laga\",\"isPartOf\":{\"@id\":\"https:\/\/boxolimpo.com\/#website\"},\"primaryImageOfPage\":{\"@id\":\"https:\/\/boxolimpo.com\/planes-y-precios#primaryimage\"},\"datePublished\":\"2017-04-12T08:32:57+00:00\",\"dateModified\":\"2026-05-12T08:16:34+00:00\",\"breadcrumb\":{\"@id\":\"https:\/\/boxolimpo.com\/planes-y-precios#breadcrumb\"},\"inLanguage\":\"en-US\",\"potentialAction\":[{\"@type\":\"ReadAction\",\"target\":[\"https:\/\/boxolimpo.com\/planes-y-precios\"]}]},{\"@type\":\"BreadcrumbList\",\"@id\":\"https:\/\/boxolimpo.com\/planes-y-precios#breadcrumb\",\"itemListElement\":[{\"@type\":\"ListItem\",\"position\":1,\"name\":\"Portada\",\"item\":\"https:\/\/boxolimpo.com\/\"},{\"@type\":\"ListItem\",\"position\":2,\"name\":\"Planes y precios\"}]}]}<\/script>\n<!-- \/ Yoast SEO plugin. -->","yoast_head_json":{"title":"Planes y precios - Box Olimpo M\u00e1laga","robots":{"index":"index","follow":"follow","max-snippet":"max-snippet:-1","max-image-preview":"max-image-preview:large","max-video-preview":"max-video-preview:-1"},"canonical":"https:\/\/boxolimpo.com\/en_us\/planes-y-precios\/","og_locale":"en_US","og_type":"article","og_title":"Planes y precios - Box Olimpo M\u00e1laga","og_url":"https:\/\/boxolimpo.com\/en_us\/planes-y-precios\/","og_site_name":"Box Olimpo M\u00e1laga","article_modified_time":"2026-05-12T08:16:34+00:00","og_image":[{"url":"https:\/\/boxolimpo.com\/wp-content\/uploads\/2026\/05\/HORARIO-PAGINA-WEB-2026.png"}],"twitter_card":"summary_large_image","twitter_misc":{"Est. reading time":"2 minutes"},"schema":{"@context":"https:\/\/schema.org","@graph":[{"@type":"WebSite","@id":"https:\/\/boxolimpo.com\/#website","url":"https:\/\/boxolimpo.com\/","name":"Box Olimpo M\u00e1laga","description":"CrossFit M\u00e1laga","potentialAction":[{"@type":"SearchAction","target":{"@type":"EntryPoint","urlTemplate":"https:\/\/boxolimpo.com\/?s={search_term_string}"},"query-input":"required name=search_term_string"}],"inLanguage":"en-US"},{"@type":"ImageObject","@id":"https:\/\/boxolimpo.com\/planes-y-precios#primaryimage","inLanguage":"en-US","url":"https:\/\/boxolimpo.com\/wp-content\/uploads\/2026\/05\/HORARIO-PAGINA-WEB-2026.png","contentUrl":"https:\/\/boxolimpo.com\/wp-content\/uploads\/2026\/05\/HORARIO-PAGINA-WEB-2026.png","width":778,"height":548},{"@type":"WebPage","@id":"https:\/\/boxolimpo.com\/planes-y-precios#webpage","url":"https:\/\/boxolimpo.com\/planes-y-precios","name":"Planes y precios - Box Olimpo M\u00e1laga","isPartOf":{"@id":"https:\/\/boxolimpo.com\/#website"},"primaryImageOfPage":{"@id":"https:\/\/boxolimpo.com\/planes-y-precios#primaryimage"},"datePublished":"2017-04-12T08:32:57+00:00","dateModified":"2026-05-12T08:16:34+00:00","breadcrumb":{"@id":"https:\/\/boxolimpo.com\/planes-y-precios#breadcrumb"},"inLanguage":"en-US","potentialAction":[{"@type":"ReadAction","target":["https:\/\/boxolimpo.com\/planes-y-precios"]}]},{"@type":"BreadcrumbList","@id":"https:\/\/boxolimpo.com\/planes-y-precios#breadcrumb","itemListElement":[{"@type":"ListItem","position":1,"name":"Portada","item":"https:\/\/boxolimpo.com\/"},{"@type":"ListItem","position":2,"name":"Planes y precios"}]}]}},"_links":{"self":[{"href":"https:\/\/boxolimpo.com\/en_us\/wp-json\/wp\/v2\/pages\/8219"}],"collection":[{"href":"https:\/\/boxolimpo.com\/en_us\/wp-json\/wp\/v2\/pages"}],"about":[{"href":"https:\/\/boxolimpo.com\/en_us\/wp-json\/wp\/v2\/types\/page"}],"author":[{"embeddable":true,"href":"https:\/\/boxolimpo.com\/en_us\/wp-json\/wp\/v2\/users\/1"}],"replies":[{"embeddable":true,"href":"https:\/\/boxolimpo.com\/en_us\/wp-json\/wp\/v2\/comments?post=8219"}],"version-history":[{"count":36,"href":"https:\/\/boxolimpo.com\/en_us\/wp-json\/wp\/v2\/pages\/8219\/revisions"}],"predecessor-version":[{"id":11502,"href":"https:\/\/boxolimpo.com\/en_us\/wp-json\/wp\/v2\/pages\/8219\/revisions\/11502"}],"wp:attachment":[{"href":"https:\/\/boxolimpo.com\/en_us\/wp-json\/wp\/v2\/media?parent=8219"}],"curies":[{"name":"wp","href":"https:\/\/api.w.org\/{rel}","templated":true}]}}